{"id":912,"date":"2020-08-17T15:50:33","date_gmt":"2020-08-17T08:50:33","guid":{"rendered":"http:\/\/28239.lamdx.vinawebsite.vn\/san-pham\/may-ep-bun-canh-song\/"},"modified":"2021-01-05T16:12:56","modified_gmt":"2021-01-05T09:12:56","slug":"wave-wing-sludge-press","status":"publish","type":"product","link":"https:\/\/meb.vn\/en\/cua-hang\/products\/wave-wing-sludge-press\/","title":{"rendered":"Wave wing sludge press"},"content":{"rendered":"<p style=\"text-align: justify;\">M\u00e1y \u00e9p b\u00f9n c\u00e1nh s\u00f3ng l\u00e0 m\u1ed9t d\u00f2ng m\u00e1y th\u1ebf h\u1ec7 m\u1edbi chuy\u00ean d\u1ee5ng \u0111\u1ec3 t\u00e1ch b\u00f9n ch\u1ee9a r\u00e1c, b\u00f9n t\u1ea1p ch\u1ea5t, t\u00e1ch n\u01b0\u1edbc kh\u1ecfi t\u1ea1p ch\u1ea5t<\/p>\n<ol style=\"text-align: justify;\">\n<li>C\u00e1c ng\u00e0nh \u1ee9ng d\u1ee5ng m\u00e1y t\u00e1ch b\u00f9n c\u00e1nh s\u00f3ng g\u1ed3m:<\/li>\n<\/ol>\n<ul style=\"text-align: justify;\">\n<li>T\u00e1ch r\u00e1c, t\u1ea1p ch\u1ea5t t\u1ea1i nh\u00e0 h\u00e0ng, kh\u00e1ch s\u1ea1n, d\u1ecbch v\u1ee5 \u0103n u\u1ed1ng trong qu\u00e1 tr\u00ecnh x\u1eed l\u00fd th\u1ee9c \u0103n th\u1eeba<\/li>\n<li>X\u1eed l\u00fd t\u00e1ch t\u1ea1p ch\u1ea5t trong ng\u00e0nh th\u1ee7y s\u1ea3n<\/li>\n<li>X\u1eed l\u00fd b\u00f9n t\u1ea1p ch\u1ea5t trong c\u00e1c ng\u00e0nh: d\u1ec7t nhu\u1ed9m, luy\u1ec7n kim, khai kho\u00e1ng<\/li>\n<li>T\u00e1ch c\u00e1t, s\u1ecfi, \u0111\u00e1 kh\u1ecfi n\u01b0\u1edbc<\/li>\n<li>T\u00e1ch ph\u00e2n trong n\u01b0\u1edbc th\u1ea3i ch\u0103n nu\u00f4i<\/li>\n<li>T\u00e1ch n\u01b0\u1edbc sau h\u1ec7 th\u1ed1ng tuy\u1ec3n n\u1ed5i<\/li>\n<\/ul>\n<p style=\"text-align: justify;\">2. \u01afu \u0111i\u1ec3m v\u01b0\u1ee3t tr\u1ed9i c\u1ee7a m\u00e1y \u00e9p b\u00f9n c\u00e1nh s\u00f3ng<\/p>\n<ul>\n<li style=\"text-align: justify;\">X\u1eed l\u00fd t\u00e1ch n\u01b0\u1edbc b\u00f9n trong n\u01b0\u1edbc \u0111\u01b0\u1ee3c c\u00f4ng su\u1ea5t 10-100m3\/h<\/li>\n<li style=\"text-align: justify;\">T\u00e1ch b\u00f9n r\u00e1c, b\u00f9n t\u1ea1p ch\u1ea5t<\/li>\n<li>K\u1ebft h\u1ee3p \u00e9p s\u01a1 b\u1ed9 (kh\u00f4ng c\u00f3 b\u1ed9 ph\u1eadn \u00e9p ph\u00eda cu\u1ed1i): x\u1eed l\u00fd \u0111\u01b0\u1ee3c kh\u1ed1i l\u01b0\u1ee3ng b\u00f9n trong n\u01b0\u1edbc l\u1edbn<\/li>\n<li>Option \u00e9p kh\u00f4 ph\u00eda cu\u1ed1i<\/li>\n<\/ul>\n<p>3. H\u00ecnh \u1ea3nh th\u1ef1c t\u1ebf m\u00e1y t\u00e1ch b\u00f9n c\u00e1nh s\u00f3ng do SVN thi\u1ebft k\u1ebf<\/p>\n<p><a href=\"https:\/\/qcvn.com.vn\/wp-content\/uploads\/2020\/04\/M\u00c1Y-\u00c9P-01.jpg\" target=\"_blank\" rel=\"noopener\"><img loading=\"lazy\" decoding=\"async\" class=\" lazy size-full wp-image-4307\" src=\"data:image\/gif;base64,R0lGODlhAQABAAAAACH5BAEKAAEALAAAAAABAAEAAAICTAEAOw==\" data-src=\"https:\/\/qcvn.com.vn\/wp-content\/uploads\/2020\/04\/M\u00c1Y-\u00c9P-01.jpg\" alt=\"m\u00e1y \u00e9p b\u00f9n c\u00e1nh s\u00f3ng\" width=\"1920\" height=\"889\" \/><\/a><\/p>\n<p><a href=\"https:\/\/qcvn.com.vn\/wp-content\/uploads\/2020\/04\/MEB1.jpg\" target=\"_blank\" rel=\"noopener\"><img loading=\"lazy\" decoding=\"async\" class=\" lazy size-full wp-image-4309\" src=\"data:image\/gif;base64,R0lGODlhAQABAAAAACH5BAEKAAEALAAAAAABAAEAAAICTAEAOw==\" data-src=\"https:\/\/qcvn.com.vn\/wp-content\/uploads\/2020\/04\/MEB1.jpg\" alt=\"m\u00e1y \u00e9p b\u00f9n c\u00e1nh s\u00f3ng\" width=\"1920\" height=\"889\" \/><\/a><\/p>\n<p><a href=\"https:\/\/qcvn.com.vn\/wp-content\/uploads\/2020\/04\/MEB2.jpg\" target=\"_blank\" rel=\"noopener\"><img loading=\"lazy\" decoding=\"async\" class=\" lazy size-full wp-image-4311\" src=\"data:image\/gif;base64,R0lGODlhAQABAAAAACH5BAEKAAEALAAAAAABAAEAAAICTAEAOw==\" data-src=\"https:\/\/qcvn.com.vn\/wp-content\/uploads\/2020\/04\/MEB2.jpg\" alt=\"m\u00e1y \u00e9p b\u00f9n c\u00e1nh s\u00f3ng\" width=\"1920\" height=\"889\" \/><\/a><\/p>\n<p><a href=\"https:\/\/qcvn.com.vn\/wp-content\/uploads\/2020\/04\/MEB3.jpg\" target=\"_blank\" rel=\"noopener\"><img loading=\"lazy\" decoding=\"async\" class=\" lazy size-full wp-image-4313\" src=\"data:image\/gif;base64,R0lGODlhAQABAAAAACH5BAEKAAEALAAAAAABAAEAAAICTAEAOw==\" data-src=\"https:\/\/qcvn.com.vn\/wp-content\/uploads\/2020\/04\/MEB3.jpg\" alt=\"m\u00e1y \u00e9p b\u00f9n c\u00e1nh s\u00f3ng\" width=\"1920\" height=\"889\" \/><\/a><\/p>\n<p>XEM TH\u00caM: <a href=\"http:\/\/meb.vn\/may-ep-bun-truc-vit\/\">M\u00c1Y \u00c9P B\u00d9N<\/a> TR\u1ee4C V\u00cdT<\/p>\n","protected":false},"excerpt":{"rendered":"<p>M\u00e1y \u00e9p b\u00f9n c\u00e1nh s\u00f3ng l\u00e0 m\u1ed9t d\u00f2ng m\u00e1y th\u1ebf h\u1ec7 m\u1edbi chuy\u00ean d\u1ee5ng \u0111\u1ec3 t\u00e1ch b\u00f9n ch\u1ee9a r\u00e1c, b\u00f9n t\u1ea1p ch\u1ea5t, t\u00e1ch n\u01b0\u1edbc kh\u1ecfi t\u1ea1p ch\u1ea5t<\/p>\n<ol>\n<li>C\u00e1c ng\u00e0nh \u1ee9ng d\u1ee5ng m\u00e1y t\u00e1ch b\u00f9n c\u00e1nh s\u00f3ng g\u1ed3m:<\/li>\n<\/ol>\n<ul>\n<li>T\u00e1ch r\u00e1c, t\u1ea1p ch\u1ea5t t\u1ea1i nh\u00e0 h\u00e0ng, kh\u00e1ch s\u1ea1n, d\u1ecbch v\u1ee5 \u0103n u\u1ed1ng trong qu\u00e1 tr\u00ecnh x\u1eed l\u00fd th\u1ee9c \u0103n th\u1eeba<\/li>\n<li>X\u1eed l\u00fd t\u00e1ch t\u1ea1p ch\u1ea5t trong ng\u00e0nh th\u1ee7y s\u1ea3n<\/li>\n<li>X\u1eed l\u00fd b\u00f9n t\u1ea1p ch\u1ea5t trong c\u00e1c ng\u00e0nh: d\u1ec7t nhu\u1ed9m, luy\u1ec7n kim, khai kho\u00e1ng<\/li>\n<li>T\u00e1ch c\u00e1t, s\u1ecfi, \u0111\u00e1 kh\u1ecfi n\u01b0\u1edbc<\/li>\n<li>T\u00e1ch ph\u00e2n trong n\u01b0\u1edbc th\u1ea3i ch\u0103n nu\u00f4i<\/li>\n<li>T\u00e1ch n\u01b0\u1edbc sau h\u1ec7 th\u1ed1ng tuy\u1ec3n n\u1ed5i<\/li>\n<\/ul>\n","protected":false},"featured_media":1352,"comment_status":"open","ping_status":"closed","template":"","meta":{"_acf_changed":false},"product_cat":[94],"product_tag":[],"class_list":["post-912","product","type-product","status-publish","has-post-thumbnail","hentry","product_cat-products"],"acf":[],"_links":{"self":[{"href":"https:\/\/meb.vn\/en\/wp-json\/wp\/v2\/product\/912","targetHints":{"allow":["GET"]}}],"collection":[{"href":"https:\/\/meb.vn\/en\/wp-json\/wp\/v2\/product"}],"about":[{"href":"https:\/\/meb.vn\/en\/wp-json\/wp\/v2\/types\/product"}],"replies":[{"embeddable":true,"href":"https:\/\/meb.vn\/en\/wp-json\/wp\/v2\/comments?post=912"}],"wp:featuredmedia":[{"embeddable":true,"href":"https:\/\/meb.vn\/en\/wp-json\/wp\/v2\/media\/1352"}],"wp:attachment":[{"href":"https:\/\/meb.vn\/en\/wp-json\/wp\/v2\/media?parent=912"}],"wp:term":[{"taxonomy":"product_cat","embeddable":true,"href":"https:\/\/meb.vn\/en\/wp-json\/wp\/v2\/product_cat?post=912"},{"taxonomy":"product_tag","embeddable":true,"href":"https:\/\/meb.vn\/en\/wp-json\/wp\/v2\/product_tag?post=912"}],"curies":[{"name":"wp","href":"https:\/\/api.w.org\/{rel}","templated":true}]}}