{"id":911,"date":"2020-08-17T15:49:53","date_gmt":"2020-08-17T08:49:53","guid":{"rendered":"http:\/\/28239.lamdx.vinawebsite.vn\/san-pham\/module-he-thong-xu-ly-nuoc-thai-mini\/"},"modified":"2021-01-05T16:19:39","modified_gmt":"2021-01-05T09:19:39","slug":"filter-press-in-mud-system","status":"publish","type":"product","link":"https:\/\/meb.vn\/en\/cua-hang\/products\/filter-press-in-mud-system\/","title":{"rendered":"Filter Press in Mud System"},"content":{"rendered":"<p style=\"text-align: justify;\"><span style=\"font-size: 16px;\">Filter press know as an equipment in environment protection, (Filter Press wiki), it is a separated system. <\/span><\/p>\n<p style=\"text-align: justify;\"><span style=\"font-size: 16px;\">Referring to mud cleaning system or mud recycling system for dealing with drilling waste of construction, or HDD,or alike. \u201cWe need clean water.\u201d So a filter press seems better.filter press As one client told us: We have the mud pit, so not like your system working continuously. It is a big one, and do not working with other equipment as systems, no logical connections. It can handle big particles, but if the particle smaller, it is better. We need a highly efficient, compact, plate &amp; frame filter press dewatering filter press device for separating solids from liquid slurries in the form of compressed cake. Its major components are a structured framework, plate and frame dewatering filter press system and filter cloth (shown with optional sludge carts). If you have any more questions, Here is a list of questions about our filter presses that we commonly receive.\u00a0<\/span><\/p>\n<figure id=\"attachment_1468\" aria-describedby=\"caption-attachment-1468\" style=\"width: 1920px\" class=\"wp-caption aligncenter\"><img loading=\"lazy\" decoding=\"async\" class=\" lazy size-full wp-image-1468\" src=\"data:image\/gif;base64,R0lGODlhAQABAAAAACH5BAEKAAEALAAAAAABAAEAAAICTAEAOw==\" data-src=\"http:\/\/meb.vn\/wp-content\/uploads\/2020\/08\/z2251570924079_31cbdee207021a413244be0090673378.jpg\" alt=\"Filter Press in Mud System\" width=\"1920\" height=\"889\" data-srcset=\"https:\/\/meb.vn\/wp-content\/uploads\/2020\/08\/z2251570924079_31cbdee207021a413244be0090673378.jpg 1920w, https:\/\/meb.vn\/wp-content\/uploads\/2020\/08\/z2251570924079_31cbdee207021a413244be0090673378-800x370.jpg 800w, https:\/\/meb.vn\/wp-content\/uploads\/2020\/08\/z2251570924079_31cbdee207021a413244be0090673378-1400x648.jpg 1400w, https:\/\/meb.vn\/wp-content\/uploads\/2020\/08\/z2251570924079_31cbdee207021a413244be0090673378-768x356.jpg 768w, https:\/\/meb.vn\/wp-content\/uploads\/2020\/08\/z2251570924079_31cbdee207021a413244be0090673378-1536x711.jpg 1536w, https:\/\/meb.vn\/wp-content\/uploads\/2020\/08\/z2251570924079_31cbdee207021a413244be0090673378-300x139.jpg 300w, https:\/\/meb.vn\/wp-content\/uploads\/2020\/08\/z2251570924079_31cbdee207021a413244be0090673378-600x278.jpg 600w\" sizes=\"auto, (max-width: 1920px) 100vw, 1920px\" \/><figcaption id=\"caption-attachment-1468\" class=\"wp-caption-text\">Filter Press in Mud System<\/figcaption><\/figure>\n<figure id=\"attachment_1415\" aria-describedby=\"caption-attachment-1415\" style=\"width: 2560px\" class=\"wp-caption aligncenter\"><img loading=\"lazy\" decoding=\"async\" class=\" lazy size-full wp-image-1415\" src=\"data:image\/gif;base64,R0lGODlhAQABAAAAACH5BAEKAAEALAAAAAABAAEAAAICTAEAOw==\" data-src=\"http:\/\/meb.vn\/wp-content\/uploads\/2020\/08\/bang-tai.jpg\" alt=\"m\u00e1y \u00e9p b\u00f9n b\u0103ng t\u1ea3i\" width=\"2560\" height=\"1920\" data-srcset=\"https:\/\/meb.vn\/wp-content\/uploads\/2020\/08\/bang-tai.jpg 2560w, https:\/\/meb.vn\/wp-content\/uploads\/2020\/08\/bang-tai-533x400.jpg 533w, https:\/\/meb.vn\/wp-content\/uploads\/2020\/08\/bang-tai-1067x800.jpg 1067w, https:\/\/meb.vn\/wp-content\/uploads\/2020\/08\/bang-tai-768x576.jpg 768w, https:\/\/meb.vn\/wp-content\/uploads\/2020\/08\/bang-tai-1536x1152.jpg 1536w, https:\/\/meb.vn\/wp-content\/uploads\/2020\/08\/bang-tai-2048x1536.jpg 2048w, https:\/\/meb.vn\/wp-content\/uploads\/2020\/08\/bang-tai-300x225.jpg 300w, https:\/\/meb.vn\/wp-content\/uploads\/2020\/08\/bang-tai-600x450.jpg 600w\" sizes=\"auto, (max-width: 2560px) 100vw, 2560px\" \/><figcaption id=\"caption-attachment-1415\" class=\"wp-caption-text\">m\u00e1y \u00e9p b\u00f9n b\u0103ng t\u1ea3i<\/figcaption><\/figure>\n","protected":false},"excerpt":{"rendered":"<p>Filter press know as an equipment in environment protection, (Filter Press wiki), it is a separated system. Referring to mud cleaning system or mud recycling system for dealing with drilling waste of construction, or HDD,or alike. \u201cWe need clean water.\u201d So a filter press seems better.filter press As one client told us: We have the&#8230;<\/p>\n","protected":false},"featured_media":1415,"comment_status":"open","ping_status":"closed","template":"","meta":{"_acf_changed":false},"product_cat":[94],"product_tag":[193,184,194],"class_list":["post-911","product","type-product","status-publish","has-post-thumbnail","hentry","product_cat-products","product_tag-bang-tai-bun-en","product_tag-may-ep-bun-en","product_tag-may-ep-bun-bang-tai-en"],"acf":[],"_links":{"self":[{"href":"https:\/\/meb.vn\/en\/wp-json\/wp\/v2\/product\/911","targetHints":{"allow":["GET"]}}],"collection":[{"href":"https:\/\/meb.vn\/en\/wp-json\/wp\/v2\/product"}],"about":[{"href":"https:\/\/meb.vn\/en\/wp-json\/wp\/v2\/types\/product"}],"replies":[{"embeddable":true,"href":"https:\/\/meb.vn\/en\/wp-json\/wp\/v2\/comments?post=911"}],"wp:featuredmedia":[{"embeddable":true,"href":"https:\/\/meb.vn\/en\/wp-json\/wp\/v2\/media\/1415"}],"wp:attachment":[{"href":"https:\/\/meb.vn\/en\/wp-json\/wp\/v2\/media?parent=911"}],"wp:term":[{"taxonomy":"product_cat","embeddable":true,"href":"https:\/\/meb.vn\/en\/wp-json\/wp\/v2\/product_cat?post=911"},{"taxonomy":"product_tag","embeddable":true,"href":"https:\/\/meb.vn\/en\/wp-json\/wp\/v2\/product_tag?post=911"}],"curies":[{"name":"wp","href":"https:\/\/api.w.org\/{rel}","templated":true}]}}