{"id":910,"date":"2020-08-17T15:48:38","date_gmt":"2020-08-17T08:48:38","guid":{"rendered":"http:\/\/28239.lamdx.vinawebsite.vn\/san-pham\/luoc-rac-trong-quay\/"},"modified":"2021-01-05T16:13:21","modified_gmt":"2021-01-05T09:13:21","slug":"automatic-garbage-separator","status":"publish","type":"product","link":"https:\/\/meb.vn\/en\/cua-hang\/products\/automatic-garbage-separator\/","title":{"rendered":"automatic garbage separator"},"content":{"rendered":"<p style=\"text-align: justify;\"><span style=\"color: #282828; font-size: 16px;\"><strong>M\u00c1Y T\u00c1CH R\u00c1C TR\u1ed0NG QUAY<\/strong><\/span><\/p>\n<p style=\"text-align: justify;\"><span style=\"color: #282828; font-size: 16px;\">MEB l\u00e0 \u0111\u01a1n v\u1ecb c\u01a1 kh\u00ed ch\u1ebf t\u1ea1o c\u00e1c thi\u1ebft b\u1ecb m\u00f4i tr\u01b0\u1eddng, m\u1ed9t m\u1ea3ng ri\u00eang bi\u1ec7t \u0111\u01b0\u1ee3c t\u00e1ch ra t\u1eeb C\u00f4ng ty TNHH T\u01b0 V\u1ea5n QL T\u00e0i Nguy\u00ean v\u00e0 M\u00f4i tr\u01b0\u1eddng SVN chuy\u00ean t\u01b0 v\u1ea5n x\u1eed l\u00fd m\u00f4i tr\u01b0\u1eddng (moitruongsvn.com\/ svncorp.vn) v\u00e0 C\u00f4ng ty CP K\u1ef9 Thu\u1eadt Ti\u00eau Chu\u1ea9n QCVN Vi\u1ec7t Nam chuy\u00ean ph\u00e2n t\u00edch ch\u1ea5t l\u01b0\u1ee3ng m\u00f4i tr\u01b0\u1eddng \u0111\u1ea5t, n\u01b0\u1edbc, kh\u00f4ng kh\u00ed (qcvn.com.vn).<\/span><\/p>\n<ol style=\"text-align: justify;\">\n<li>\n<h3><span style=\"color: #000080; font-size: 16px;\"><strong>\u1ee8ng d\u1ee5ng m\u00e1y t\u00e1ch r\u00e1c tr\u1ed1ng quay<\/strong><\/span><\/h3>\n<\/li>\n<\/ol>\n<p style=\"text-align: justify;\"><span style=\"font-size: 16px; color: #282828;\">&#8211; L\u01b0\u1ee3c r\u00e1c\/ t\u1ea1p ch\u1ea5t tr\u01b0\u1edbc khi n\u01b0\u1edbc v\u00e0o h\u1ec7 th\u1ed1ng x\u1eed l\u00fd n\u01b0\u1edbc th\u1ea3i sinh ho\u1ea1t\/ c\u00f4ng nghi\u1ec7p<\/span><\/p>\n<p style=\"text-align: justify;\"><span style=\"font-size: 16px; color: #282828;\">&#8211; \u1ee8ng d\u1ee5ng ng\u00e0nh ch\u0103n nu\u00f4i trong s\u01a1 ch\u1ebf gia s\u00fac\/ gia c\u1ea7m<\/span><\/p>\n<p style=\"text-align: justify;\"><span style=\"font-size: 16px; color: #282828;\">&#8211; \u1ee8ng d\u1ee5ng ng\u00e0nh s\u1ea3n xu\u1ea5t th\u1ef1c ph\u1ea9m<\/span><\/p>\n<ol style=\"text-align: justify;\" start=\"2\">\n<li>\n<h3><span style=\"color: #000080; font-size: 16px;\"><strong>\u01afu \u0111i\u1ec3m m\u00e1y l\u01b0\u1ee3c r\u00e1c tr\u1ed1ng quay do MEB s\u1ea3n xu\u1ea5t<\/strong><\/span><\/h3>\n<\/li>\n<\/ol>\n<p style=\"text-align: justify;\"><span style=\"font-size: 16px; color: #282828;\">&#8211; C\u1ea5u tr\u00fac ch\u1ed1ng tr\u00e0n, \u0111\u1ea3m b\u1ea3o v\u1ec7 sinh gi\u1ea3m thi\u1ec3u t\u1ed1i \u0111a vi\u1ec7c g\u00e2y ra \u00f4 nhi\u1ec5m xung quanh;<\/span><\/p>\n<p style=\"text-align: justify;\"><span style=\"font-size: 16px; color: #282828;\">&#8211; Thi\u1ebft k\u1ebf ch\u1eafc ch\u1eafn, nguy\u00ean kh\u1ed1i, 100% Inox 304 \u0111\u1ed9 b\u1ec1n cao;<\/span><\/p>\n<p style=\"text-align: justify;\"><span style=\"font-size: 16px; color: #282828;\">&#8211; V\u1eadn h\u00e0nh ho\u00e0n to\u00e0n t\u1ef1 \u0111\u1ed9ng ti\u1ebft ki\u1ec7m nh\u00e2n c\u00f4ng, v\u00e0 \u0111\u1ed9 an to\u00e0n cao cho ng\u01b0\u1eddi s\u1eed d\u1ee5ng;<\/span><\/p>\n<p style=\"text-align: justify;\"><span style=\"font-size: 16px; color: #282828;\">&#8211; H\u1ec7 th\u1ed1ng phun r\u1eeda t\u1ef1 \u0111\u1ed9ng, \u0111\u1ea3m b\u1ea3o m\u00e1y \u0111\u01b0\u1ee3c c\u00e0i \u0111\u1eb7t v\u1ec7 sinh s\u1ea1ch s\u1ebd sau th\u1eddi gian v\u1eadn h\u00e0nh;<\/span><\/p>\n<p style=\"text-align: justify;\"><span style=\"font-size: 16px; color: #282828;\">&#8211; S\u1ea3n ph\u1ea9m do ch\u00ednh MEB s\u1ea3n xu\u1ea5t h\u00e0ng lo\u1ea1t \u0111\u1ea3m b\u1ea3o chi ph\u00ed s\u1ea3n xu\u1ea5t th\u1ea5p, gi\u00e1 th\u00e0nh c\u1ea1nh tranh so v\u1edbi c\u00e1c s\u1ea3n ph\u1ea9m c\u00f3 tr\u00ean th\u1ecb tr\u01b0\u1eddng.<\/span><\/p>\n<ol style=\"text-align: justify;\" start=\"3\">\n<li>\n<h3><span style=\"font-size: 16px; color: #000080;\"><strong>M\u00f4 t\u1ea3 nguy\u00ean l\u00fd v\u1eadn h\u00e0nh m\u00e1y<\/strong><\/span><\/h3>\n<\/li>\n<\/ol>\n<ul>\n<li style=\"text-align: justify;\"><span style=\"font-size: 16px; color: #282828;\">N\u01b0\u1edbc th\u1ea3i t\u1eeb nh\u00e0 m\u00e1y s\u1ea3n xu\u1ea5t \u0111\u01b0\u1ee3c cho ch\u1ea3y v\u00e0o m\u1ed9t h\u1ed9p \u0111\u1ea7u ch\u1eef U c\u00f3 t\u1ea5m ch\u1eafn d\u00f2ng \u0111\u1ec3 gi\u1ea3m v\u1eadn t\u1ed1c n\u01b0\u1edbc. N\u01b0\u1edbc v\u1edbi nhi\u1ec1u ch\u1ea5t ch\u1ea5t r\u1eafn l\u01a1 l\u1eedng, c\u1eb7n, v\u1eadt c\u1ee9ng \u0111\u01b0\u1ee3c cho ch\u1ea3y theo v\u00e1ch ng\u0103n v\u00e0 sau \u0111\u00f3 d\u00e2ng ng\u01b0\u1edbc tr\u1edf l\u00ean v\u00e0 ph\u00e2n b\u1ed1 \u0111\u1ec1u tr\u00ean chi\u1ec1u d\u00e0i c\u1ee7a \u1ed1ng l\u1ecdc r\u00e1c h\u00ecnh tr\u1ee5. <\/span><\/li>\n<li style=\"text-align: justify;\"><span style=\"font-size: 16px; color: #282828;\">\u1ed0ng l\u01b0\u1edbi l\u1ecdc \u0111\u01b0\u1ee3c l\u00e0m b\u1eb1ng th\u00e9p kh\u00f4ng g\u1ec9 SUS304 \u0111\u1ec3 c\u00f3 th\u1ec3 x\u1eed l\u00fd hi\u1ec7u qu\u1ea3 d\u1ea7u m\u1ee1, ch\u1ea5t r\u1eafn r\u1eddi r\u1ea1c m\u00e0 kh\u00f4ng b\u1ecb t\u1eafc ng\u1ebdn. <\/span><\/li>\n<li style=\"text-align: justify;\"><span style=\"font-size: 16px; color: #282828;\">V\u1edbi qu\u00e1 tr\u00ecnh t\u00e1c \u0111\u1ed9ng t\u1ef1 nhi\u00ean c\u1ee7a n\u01b0\u1edbc th\u1ea3i ch\u1ea1y qua \u1ed1ng l\u01b0\u1edbi l\u1ecdc v\u00e0 t\u1ea5m g\u1ea1t r\u00e1c \u0111\u00e3 t\u1ea1o ra ph\u1ea3n \u1ee9ng ng\u01b0\u1ee3c m\u1ea1nh m\u1ebd d\u1eabn \u0111\u1ebfn b\u1ec1 m\u1eb7t t\u1ea5m l\u01b0\u1edbi \u0111\u01b0\u1ee3c l\u00e0m s\u1ea1ch li\u00ean t\u1ee5c. <\/span><\/li>\n<li style=\"text-align: justify;\"><span style=\"font-size: 16px; color: #282828;\">Ch\u1ea5t r\u1eafn b\u1ecb gi\u1eef l\u1ea1i tr\u00ean b\u1ec1 m\u1eb7t \u1ed1ng l\u01b0\u1edbi \u0111\u01b0\u1ee3c t\u00e1ch ra b\u1eb1ng m\u1ed9t l\u01b0\u1ee1i dao c\u1ea1o c\u1ee9ng b\u1eb1ng cao su. H\u1ec7 th\u1ed1ng phun n\u01b0\u1edbc b\u00ean trong \u0111\u1ec3 l\u00e0m s\u1ea1ch t\u1ea5m l\u01b0\u1edbi. Thanh phun x\u1ecbt \u0111\u01b0\u1ee3c t\u00ednh theo th\u1eddi gian ng\u1ebdn c\u1ee7a b\u1ec1 m\u1eb7t \u1ed1ng l\u1ecdc \u0111\u1ec3 \u0111\u1ea3m b\u1ea3o hi\u1ec3u qu\u1ea3 l\u00e0m s\u1ea1ch t\u1ed1i \u0111a.\u00a0<\/span><\/li>\n<\/ul>\n<p>4. Model v\u00e0 c\u00f4ng su\u1ea5t m\u00e1y<\/p>\n<p><img loading=\"lazy\" decoding=\"async\" class=\" lazy size-full wp-image-1405\" src=\"data:image\/gif;base64,R0lGODlhAQABAAAAACH5BAEKAAEALAAAAAABAAEAAAICTAEAOw==\" data-src=\"http:\/\/meb.vn\/wp-content\/uploads\/2020\/08\/thong-so-ky-thuat-luoc-rac-trong-quay.jpg\" alt=\"th\u00f4ng s\u1ed1 k\u1ef9 thu\u1eadt l\u01b0\u1ee3c r\u00e1c tr\u1ed1ng quay\" width=\"1496\" height=\"802\" data-srcset=\"https:\/\/meb.vn\/wp-content\/uploads\/2020\/08\/thong-so-ky-thuat-luoc-rac-trong-quay.jpg 1496w, https:\/\/meb.vn\/wp-content\/uploads\/2020\/08\/thong-so-ky-thuat-luoc-rac-trong-quay-746x400.jpg 746w, https:\/\/meb.vn\/wp-content\/uploads\/2020\/08\/thong-so-ky-thuat-luoc-rac-trong-quay-1400x751.jpg 1400w, https:\/\/meb.vn\/wp-content\/uploads\/2020\/08\/thong-so-ky-thuat-luoc-rac-trong-quay-768x412.jpg 768w, https:\/\/meb.vn\/wp-content\/uploads\/2020\/08\/thong-so-ky-thuat-luoc-rac-trong-quay-300x161.jpg 300w, https:\/\/meb.vn\/wp-content\/uploads\/2020\/08\/thong-so-ky-thuat-luoc-rac-trong-quay-600x322.jpg 600w\" sizes=\"auto, (max-width: 1496px) 100vw, 1496px\" \/><\/p>\n<p><span style=\"font-size: 16px;\"><a href=\"https:\/\/qcvn.com.vn\/wp-content\/uploads\/2020\/04\/matcatbanve.jpg\" target=\"_blank\" rel=\"noopener\"><img loading=\"lazy\" decoding=\"async\" class=\" lazy size-full wp-image-4259\" src=\"data:image\/gif;base64,R0lGODlhAQABAAAAACH5BAEKAAEALAAAAAABAAEAAAICTAEAOw==\" data-src=\"https:\/\/qcvn.com.vn\/wp-content\/uploads\/2020\/04\/matcatbanve.jpg\" alt=\"m\u00e1y t\u00e1ch r\u00e1c tr\u1ed1ng quay\" width=\"1300\" height=\"389\" \/><\/a><\/span><\/p>\n<h3><span style=\"font-size: 16px;\"><strong><span style=\"color: #000080;\">4. H\u00ecnh \u1ea3nh m\u00e1y \u0111\u01b0\u1ee3c s\u1ea3n xu\u1ea5t t\u1ea1i x\u01b0\u1edfng<\/span><\/strong><\/span><\/h3>\n<p>&nbsp;<\/p>\n<figure id=\"attachment_4269\" aria-describedby=\"caption-attachment-4269\" style=\"width: 1280px\" class=\"wp-caption aligncenter\"><a href=\"https:\/\/qcvn.com.vn\/wp-content\/uploads\/2020\/04\/may-tach-rac-5.jpg\" target=\"_blank\" rel=\"noopener\"><img loading=\"lazy\" decoding=\"async\" class=\" lazy size-full wp-image-4269\" src=\"data:image\/gif;base64,R0lGODlhAQABAAAAACH5BAEKAAEALAAAAAABAAEAAAICTAEAOw==\" data-src=\"https:\/\/qcvn.com.vn\/wp-content\/uploads\/2020\/04\/may-tach-rac-5.jpg\" alt=\"m\u00e1y t\u00e1ch r\u00e1c\" width=\"1280\" height=\"960\" \/><\/a><figcaption id=\"caption-attachment-4269\" class=\"wp-caption-text\"><span style=\"font-size: 16px;\">m\u00e1y t\u00e1ch r\u00e1c<\/span><\/figcaption><\/figure>\n<p>&nbsp;<\/p>\n<p><img loading=\"lazy\" decoding=\"async\" class=\" lazy aligncenter size-full wp-image-1397\" src=\"data:image\/gif;base64,R0lGODlhAQABAAAAACH5BAEKAAEALAAAAAABAAEAAAICTAEAOw==\" data-src=\"http:\/\/meb.vn\/wp-content\/uploads\/2020\/08\/may-tach-rac-1.jpg\" alt=\"\" width=\"1280\" height=\"960\" data-srcset=\"https:\/\/meb.vn\/wp-content\/uploads\/2020\/08\/may-tach-rac-1.jpg 1280w, https:\/\/meb.vn\/wp-content\/uploads\/2020\/08\/may-tach-rac-1-533x400.jpg 533w, https:\/\/meb.vn\/wp-content\/uploads\/2020\/08\/may-tach-rac-1-1067x800.jpg 1067w, https:\/\/meb.vn\/wp-content\/uploads\/2020\/08\/may-tach-rac-1-768x576.jpg 768w, https:\/\/meb.vn\/wp-content\/uploads\/2020\/08\/may-tach-rac-1-300x225.jpg 300w, https:\/\/meb.vn\/wp-content\/uploads\/2020\/08\/may-tach-rac-1-600x450.jpg 600w\" sizes=\"auto, (max-width: 1280px) 100vw, 1280px\" \/> <img loading=\"lazy\" decoding=\"async\" class=\" lazy aligncenter size-full wp-image-1399\" src=\"data:image\/gif;base64,R0lGODlhAQABAAAAACH5BAEKAAEALAAAAAABAAEAAAICTAEAOw==\" data-src=\"http:\/\/meb.vn\/wp-content\/uploads\/2020\/08\/tach-rac-7.png\" alt=\"\" width=\"1280\" height=\"960\" data-srcset=\"https:\/\/meb.vn\/wp-content\/uploads\/2020\/08\/tach-rac-7.png 1280w, https:\/\/meb.vn\/wp-content\/uploads\/2020\/08\/tach-rac-7-533x400.png 533w, https:\/\/meb.vn\/wp-content\/uploads\/2020\/08\/tach-rac-7-1067x800.png 1067w, https:\/\/meb.vn\/wp-content\/uploads\/2020\/08\/tach-rac-7-768x576.png 768w, https:\/\/meb.vn\/wp-content\/uploads\/2020\/08\/tach-rac-7-300x225.png 300w, https:\/\/meb.vn\/wp-content\/uploads\/2020\/08\/tach-rac-7-600x450.png 600w\" sizes=\"auto, (max-width: 1280px) 100vw, 1280px\" \/> <img loading=\"lazy\" decoding=\"async\" class=\" lazy aligncenter size-full wp-image-1401\" src=\"data:image\/gif;base64,R0lGODlhAQABAAAAACH5BAEKAAEALAAAAAABAAEAAAICTAEAOw==\" data-src=\"http:\/\/meb.vn\/wp-content\/uploads\/2020\/08\/tach-rac-8.png\" alt=\"\" width=\"1280\" height=\"960\" data-srcset=\"https:\/\/meb.vn\/wp-content\/uploads\/2020\/08\/tach-rac-8.png 1280w, https:\/\/meb.vn\/wp-content\/uploads\/2020\/08\/tach-rac-8-533x400.png 533w, https:\/\/meb.vn\/wp-content\/uploads\/2020\/08\/tach-rac-8-1067x800.png 1067w, https:\/\/meb.vn\/wp-content\/uploads\/2020\/08\/tach-rac-8-768x576.png 768w, https:\/\/meb.vn\/wp-content\/uploads\/2020\/08\/tach-rac-8-300x225.png 300w, https:\/\/meb.vn\/wp-content\/uploads\/2020\/08\/tach-rac-8-600x450.png 600w\" sizes=\"auto, (max-width: 1280px) 100vw, 1280px\" \/><\/p>\n<blockquote><p><span style=\"font-size: 16px;\"><strong>LI\u00caN H\u1ec6 HOTLINE \u0110\u1ec2 C\u00d3 GI\u00c1 T\u1ed0T 0961 85 85 89<\/strong><\/span><\/p>\n<p>Email : moitruongsvn@gmail.com<\/p><\/blockquote>\n","protected":false},"excerpt":{"rendered":"<p>MEB l\u00e0 \u0111\u01a1n v\u1ecb c\u01a1 kh\u00ed ch\u1ebf t\u1ea1o c\u00e1c thi\u1ebft b\u1ecb m\u00f4i tr\u01b0\u1eddng, m\u1ed9t m\u1ea3ng ri\u00eang bi\u1ec7t \u0111\u01b0\u1ee3c t\u00e1ch ra t\u1eeb C\u00f4ng ty TNHH T\u01b0 V\u1ea5n QL T\u00e0i Nguy\u00ean v\u00e0 M\u00f4i tr\u01b0\u1eddng SVN chuy\u00ean t\u01b0 v\u1ea5n x\u1eed l\u00fd m\u00f4i tr\u01b0\u1eddng (moitruongsvn.com\/ svncorp.vn) v\u00e0 C\u00f4ng ty CP K\u1ef9 Thu\u1eadt Ti\u00eau Chu\u1ea9n QCVN Vi\u1ec7t Nam chuy\u00ean ph\u00e2n t\u00edch ch\u1ea5t l\u01b0\u1ee3ng m\u00f4i tr\u01b0\u1eddng \u0111\u1ea5t, n\u01b0\u1edbc, kh\u00f4ng kh\u00ed (qcvn.com.vn).<\/p>\n","protected":false},"featured_media":1354,"comment_status":"open","ping_status":"closed","template":"","meta":{"_acf_changed":false},"product_cat":[94],"product_tag":[188,189,190,191,192],"class_list":["post-910","product","type-product","status-publish","has-post-thumbnail","hentry","product_cat-products","product_tag-may-tach-rac-trong-quay-en","product_tag-tac-rac-en","product_tag-tac-rac-tho-en","product_tag-tach-rac-tinh-en","product_tag-tach-rac-trong-quay-en"],"acf":[],"_links":{"self":[{"href":"https:\/\/meb.vn\/en\/wp-json\/wp\/v2\/product\/910","targetHints":{"allow":["GET"]}}],"collection":[{"href":"https:\/\/meb.vn\/en\/wp-json\/wp\/v2\/product"}],"about":[{"href":"https:\/\/meb.vn\/en\/wp-json\/wp\/v2\/types\/product"}],"replies":[{"embeddable":true,"href":"https:\/\/meb.vn\/en\/wp-json\/wp\/v2\/comments?post=910"}],"wp:featuredmedia":[{"embeddable":true,"href":"https:\/\/meb.vn\/en\/wp-json\/wp\/v2\/media\/1354"}],"wp:attachment":[{"href":"https:\/\/meb.vn\/en\/wp-json\/wp\/v2\/media?parent=910"}],"wp:term":[{"taxonomy":"product_cat","embeddable":true,"href":"https:\/\/meb.vn\/en\/wp-json\/wp\/v2\/product_cat?post=910"},{"taxonomy":"product_tag","embeddable":true,"href":"https:\/\/meb.vn\/en\/wp-json\/wp\/v2\/product_tag?post=910"}],"curies":[{"name":"wp","href":"https:\/\/api.w.org\/{rel}","templated":true}]}}