{"id":909,"date":"2020-08-17T15:47:27","date_gmt":"2020-08-17T08:47:27","guid":{"rendered":"http:\/\/28239.lamdx.vinawebsite.vn\/san-pham\/may-ep-phan-huu-co\/"},"modified":"2021-01-05T16:12:34","modified_gmt":"2021-01-05T09:12:34","slug":"organic-compost-press","status":"publish","type":"product","link":"https:\/\/meb.vn\/en\/cua-hang\/products\/organic-compost-press\/","title":{"rendered":"Organic compost press"},"content":{"rendered":"<p style=\"text-align: justify;\">The STP model multi-disc screw press is a device designed to separate solid and liquid components of fiber-rich materials, such as waste-contaminated sludge, food residue, and manure. The machine has high applicability in all fields related to the separation of liquid solids. Depending on the purpose and the solids to be filtered, the width of the filter slot and the material may vary to achieve the highest treatment efficiency.<\/p>\n<p style=\"text-align: justify;\">In fact, separation and composting is the most common application for the current STP model of multi-disc screw presses. With the innovative technology of the multi-disc screw cage technology replacing the current popular mesh cage technology, the machine will bring many years of operating efficiency even under the harshest conditions. The MEB-Corp model handles all types of livestock manure with ease, delivering a high output rate of very dry solids and a liquid fraction containing only a small amount of suspended solids.<\/p>\n<figure id=\"attachment_1230\" aria-describedby=\"caption-attachment-1230\" style=\"width: 1432px\" class=\"wp-caption aligncenter\"><a href=\"https:\/\/qcvn.com.vn\/may-ep-phan\/\" target=\"_blank\" rel=\"noopener\"><img loading=\"lazy\" decoding=\"async\" class=\" lazy size-full wp-image-1231\" src=\"data:image\/gif;base64,R0lGODlhAQABAAAAACH5BAEKAAEALAAAAAABAAEAAAICTAEAOw==\" data-src=\"http:\/\/meb.vn\/wp-content\/uploads\/2020\/08\/ep-phan-1.jpg\" alt=\"m\u00e1y \u00e9p ph\u00e2n\" width=\"1432\" height=\"663\" data-srcset=\"https:\/\/meb.vn\/wp-content\/uploads\/2020\/08\/ep-phan-1.jpg 1432w, https:\/\/meb.vn\/wp-content\/uploads\/2020\/08\/ep-phan-1-800x370.jpg 800w, https:\/\/meb.vn\/wp-content\/uploads\/2020\/08\/ep-phan-1-1400x648.jpg 1400w, https:\/\/meb.vn\/wp-content\/uploads\/2020\/08\/ep-phan-1-768x356.jpg 768w, https:\/\/meb.vn\/wp-content\/uploads\/2020\/08\/ep-phan-1-300x139.jpg 300w, https:\/\/meb.vn\/wp-content\/uploads\/2020\/08\/ep-phan-1-600x278.jpg 600w\" sizes=\"auto, (max-width: 1432px) 100vw, 1432px\" \/><\/a><figcaption id=\"caption-attachment-1230\" class=\"wp-caption-text\">m\u00e1y \u00e9p ph\u00e2n<\/figcaption><\/figure>\n<p style=\"text-align: justify;\">Why should we split and press livestock manure? Raw manure is difficult to handle. Transport is labor-intensive, takes up storage space, pollutes the environment and spreads diseases if not handled and stored properly. At the same time, manure causes bad smell and lures flies and mosquitoes. By segregation, the farm not only minimizes these inherent disadvantages, but also turns this waste material into a useful byproduct. Some of the additional benefits of splitting are:<\/p>\n<ul style=\"text-align: justify;\">\n<li>The split liquid can be applied to crops, and the compost after pressing can be used in compost facilities (compost has a markedly reduced compost time).<\/li>\n<li>The pressed solids can be used as organic substrates.<\/li>\n<li>Reduce the load on the biogas system.<\/li>\n<li>Livestock manure storage area and cost decreased due to the large volume of separation.<\/li>\n<li>The bad odor and the risk of disease transmission are minimized, contributing to the improvement of the farm environment.<\/li>\n<\/ul>\n<p style=\"text-align: justify;\">MEB-Corp fertilizer press, innovative and different technology. There are many types of separative devices available in the market today (mostly imported) and the most popular of which is the mesh cage screw presses. The MEB-Corp screw separator uses a multi-disc press, which produces a significant dry solids with a high output speed and an affordable cost. The operation does not require labor, nor does it require frequent and costly maintenance services. The machine operates quite simply and consumes negligible electricity.<\/p>\n<table style=\"width: 76.1082%;\">\n<tbody>\n<tr>\n<td style=\"width: 54.0031%;\" width=\"342\">\n<ol>\n<li style=\"text-align: justify;\">The machine is machined entirely in 304 stainless steel<\/li>\n<li style=\"text-align: justify;\">Multi-plate presses, self-cleaning filter slots<\/li>\n<li style=\"text-align: justify;\">Screws are surface hardened by alloy<\/li>\n<li style=\"text-align: justify;\">Easy to operate, maintain, and replace<\/li>\n<li style=\"text-align: justify;\">Details are laser cut precisely<\/li>\n<\/ol>\n<\/td>\n<td style=\"width: 94.4794%;\" width=\"282\"><img loading=\"lazy\" decoding=\"async\" class=\" lazy  wp-image-1229\" src=\"data:image\/gif;base64,R0lGODlhAQABAAAAACH5BAEKAAEALAAAAAABAAEAAAICTAEAOw==\" data-src=\"http:\/\/meb.vn\/wp-content\/uploads\/2020\/08\/ep-phan-2.jpg\" alt=\"M\u00e1y \u00e9p ph\u00e2n h\u1eefu c\u01a1 s\u1eed d\u1ee5ng c\u00f4ng ngh\u1ec7 tr\u1ee5c v\u00edt\" width=\"534\" height=\"248\" data-srcset=\"https:\/\/meb.vn\/wp-content\/uploads\/2020\/08\/ep-phan-2.jpg 1197w, https:\/\/meb.vn\/wp-content\/uploads\/2020\/08\/ep-phan-2-800x370.jpg 800w, https:\/\/meb.vn\/wp-content\/uploads\/2020\/08\/ep-phan-2-768x355.jpg 768w, https:\/\/meb.vn\/wp-content\/uploads\/2020\/08\/ep-phan-2-300x139.jpg 300w, https:\/\/meb.vn\/wp-content\/uploads\/2020\/08\/ep-phan-2-600x278.jpg 600w\" sizes=\"auto, (max-width: 534px) 100vw, 534px\" \/><\/td>\n<\/tr>\n<\/tbody>\n<\/table>\n<p style=\"text-align: justify;\"><strong>M\u00d4 T\u1ea2 C\u1ea4U T\u1ea0O M\u00c1Y T\u00c1CH PH\u00c2N TR\u1ee4C V\u00cdT:<\/strong><\/p>\n<p style=\"text-align: justify;\">T\u1ea1i mi\u1ec7ng \u1ed1ng \u0111\u1ea7u v\u00e0o, h\u1ed7n ph\u00e2n \u0111\u01b0\u1ee3c b\u01a1m v\u00e0o th\u00e2n m\u00e1y. Tr\u1ee5c v\u00edt s\u1ebd v\u1eadn chuy\u1ec3n v\u1eadt ch\u1ea5t d\u1ea7n l\u00ean, l\u01b0\u1ee3ng ch\u1ea5t l\u1ecfng tho\u00e1t n\u01b0\u1edbc theo su\u1ed1t chi\u1ec1u d\u1ecdc l\u1ed3ng \u00e9p v\u1ec1 ph\u00eda mi\u1ec7ng tho\u00e1t. T\u1ea1i mi\u1ec7ng tho\u00e1t, c\u01a1 c\u1ea5u ch\u1eb7n s\u1ebd t\u1ef1 \u0111\u1ed9ng \u0111i\u1ec1u ch\u1ec9nh \u00e1p l\u1ef1c \u0111\u1ec3 t\u1ea1o l\u1ef1c \u00e9p ph\u00e2n \u0111\u01b0\u1ee3c kh\u00f4 nh\u1ea5t c\u00f3 th\u1ec3.<\/p>\n<p style=\"text-align: justify;\"><a href=\"http:\/\/meb.vn\/\"><img loading=\"lazy\" decoding=\"async\" class=\" lazy size-full wp-image-1227\" src=\"data:image\/gif;base64,R0lGODlhAQABAAAAACH5BAEKAAEALAAAAAABAAEAAAICTAEAOw==\" data-src=\"http:\/\/meb.vn\/wp-content\/uploads\/2020\/08\/ep-phan-3.jpg\" alt=\"M\u00e1y \u00e9p ph\u00e2n h\u1eefu c\u01a1 s\u1eed d\u1ee5ng c\u00f4ng ngh\u1ec7 tr\u1ee5c v\u00edt\" width=\"1155\" height=\"648\" data-srcset=\"https:\/\/meb.vn\/wp-content\/uploads\/2020\/08\/ep-phan-3.jpg 1155w, https:\/\/meb.vn\/wp-content\/uploads\/2020\/08\/ep-phan-3-713x400.jpg 713w, https:\/\/meb.vn\/wp-content\/uploads\/2020\/08\/ep-phan-3-768x431.jpg 768w, https:\/\/meb.vn\/wp-content\/uploads\/2020\/08\/ep-phan-3-300x168.jpg 300w, https:\/\/meb.vn\/wp-content\/uploads\/2020\/08\/ep-phan-3-600x337.jpg 600w\" sizes=\"auto, (max-width: 1155px) 100vw, 1155px\" \/><\/a><\/p>\n<p style=\"text-align: justify;\">L\u1ed3ng \u00e9p c\u1ee7a m\u00e1y \u00e9p ph\u00e2n c\u00f3 c\u1ea5u tr\u00fac \u0111\u01b0\u1ee3c m\u00f4 t\u1ea3 nh\u01b0 h\u00ecnh b\u00ean d\u01b0\u1edbi. K\u1ebft c\u1ea5u c\u1ee7a l\u1ed3ng \u00e9p bao g\u1ed3m 3 b\u1ed9 ph\u1eadn ch\u00ednh l\u00e0 \u0111\u0129a c\u1ed1 \u0111\u1ecbnh, \u0111\u0129a di \u0111\u1ed9ng v\u00e0 v\u00f2ng \u0111\u1ec7m t\u1ea1o khe h\u1edf. Khi tr\u1ee5c v\u00edt quay, c\u00e1nh v\u00edt li\u00ean t\u1ee5c ti\u1ebfp x\u00fac v\u1edbi \u0111\u0129a di \u0111\u1ed9ng t\u1ea1o giao \u0111\u1ed9ng tr\u00ean \u0111\u0129a, ch\u1ea5t l\u1ecfng s\u1ebd tho\u00e1t ra t\u1ea1i c\u00e1c khe h\u1edf giao \u0111\u1ed9ng n\u00e0y, \u0111\u1ed3ng th\u1eddi s\u1ebd t\u1ef1 l\u00e0m s\u1ea1ch c\u00e1c khe h\u1edf, do \u0111\u00f3 l\u1ed3ng \u00e9p \u0111\u1ea3m b\u1ea3o kh\u00f4ng b\u1ecb t\u1eafc ngh\u1ebdn.<\/p>\n<p style=\"text-align: justify;\"><a href=\"http:\/\/meb.vn\/\"><img loading=\"lazy\" decoding=\"async\" class=\" lazy size-full wp-image-1225\" src=\"data:image\/gif;base64,R0lGODlhAQABAAAAACH5BAEKAAEALAAAAAABAAEAAAICTAEAOw==\" data-src=\"http:\/\/meb.vn\/wp-content\/uploads\/2020\/08\/ep-phan-4.jpg\" alt=\"m\u00e1y \u00e9p ph\u00e2n\" width=\"1430\" height=\"313\" data-srcset=\"https:\/\/meb.vn\/wp-content\/uploads\/2020\/08\/ep-phan-4.jpg 1430w, https:\/\/meb.vn\/wp-content\/uploads\/2020\/08\/ep-phan-4-800x175.jpg 800w, https:\/\/meb.vn\/wp-content\/uploads\/2020\/08\/ep-phan-4-1400x306.jpg 1400w, https:\/\/meb.vn\/wp-content\/uploads\/2020\/08\/ep-phan-4-768x168.jpg 768w, https:\/\/meb.vn\/wp-content\/uploads\/2020\/08\/ep-phan-4-300x66.jpg 300w, https:\/\/meb.vn\/wp-content\/uploads\/2020\/08\/ep-phan-4-600x131.jpg 600w\" sizes=\"auto, (max-width: 1430px) 100vw, 1430px\" \/><\/a><\/p>\n<p style=\"text-align: justify;\">Hi\u1ec7u qu\u1ea3 t\u00e1ch ph\u00e2n ph\u1ee5 thu\u1ed9c ho\u00e0n to\u00e0n v\u00e0o lo\u1ea1i ph\u00e2n. V\u00ed d\u1ee5, m\u1ee9c \u0111\u1ed9 ch\u1ea5t l\u1ecfng c\u00f3 th\u1ec3 tho\u00e1t n\u01b0\u1edbc kh\u00e1c nhau r\u1ea5t nhi\u1ec1u gi\u1eefa ph\u00e2n b\u00f2 s\u1eefa, b\u00f2 th\u1ecbt v\u00e0 ph\u00e2n heo. \u0110\u1ec3 t\u1ed1i \u01b0u h\u00f3a k\u1ebft qu\u1ea3 t\u00e1ch \u00e9p, \u0111\u1ed9 d\u00e0y c\u00e1c v\u00f2ng \u0111\u1ec7m t\u1ea1o khe h\u1edf l\u00e0 kh\u00e1c nhau, ng\u01b0\u1eddi s\u1eed d\u1ee5ng c\u00f3 th\u1ec3 li\u00ean h\u1ec7 MEB-Corp \u0111\u1ec3 \u0111\u01b0\u1ee3c t\u01b0 v\u1ea5n tr\u01b0\u1edbc khi \u0111\u1ea7u t\u01b0 m\u00e1y.<\/p>\n","protected":false},"excerpt":{"rendered":"<p>D\u00f2ng m\u00e1y n\u00e0y l\u00e0 thi\u1ebft k\u1ebf ho\u00e0n to\u00e0n m\u1edbi chuy\u00ean d\u1ee5ng trong t\u00e1ch ph\u00e2n h\u1eefu c\u01a1 tron ng\u00e0nh ch\u0103n nu\u00f4i, b\u00f9n sau khi \u00e9p ho\u00e0n to\u00e0n c\u00f3 th\u1ec3 s\u1eed d\u1ee5ng nh\u1eb1m m\u1ee5c \u0111\u00edch l\u00e0m ph\u00e2n vi sinh, gi\u00fap g\u00f3p ph\u1ea7n t\u1eadn d\u00f9ng ngu\u1ed3n ph\u00e2n h\u1eefu c\u01a1 v\u00e0 b\u1ea3o v\u1ec7 m\u00f4i tr\u01b0\u1eddng<\/p>\n","protected":false},"featured_media":1237,"comment_status":"open","ping_status":"closed","template":"","meta":{"_acf_changed":false},"product_cat":[94],"product_tag":[184,185,186,187],"class_list":["post-909","product","type-product","status-publish","has-post-thumbnail","hentry","product_cat-products","product_tag-may-ep-bun-en","product_tag-may-ep-phan-en","product_tag-may-ep-phan-huu-co-su-dung-cong-nghe-truc-vit-en","product_tag-may-tach-bun-en"],"acf":[],"_links":{"self":[{"href":"https:\/\/meb.vn\/en\/wp-json\/wp\/v2\/product\/909","targetHints":{"allow":["GET"]}}],"collection":[{"href":"https:\/\/meb.vn\/en\/wp-json\/wp\/v2\/product"}],"about":[{"href":"https:\/\/meb.vn\/en\/wp-json\/wp\/v2\/types\/product"}],"replies":[{"embeddable":true,"href":"https:\/\/meb.vn\/en\/wp-json\/wp\/v2\/comments?post=909"}],"wp:featuredmedia":[{"embeddable":true,"href":"https:\/\/meb.vn\/en\/wp-json\/wp\/v2\/media\/1237"}],"wp:attachment":[{"href":"https:\/\/meb.vn\/en\/wp-json\/wp\/v2\/media?parent=909"}],"wp:term":[{"taxonomy":"product_cat","embeddable":true,"href":"https:\/\/meb.vn\/en\/wp-json\/wp\/v2\/product_cat?post=909"},{"taxonomy":"product_tag","embeddable":true,"href":"https:\/\/meb.vn\/en\/wp-json\/wp\/v2\/product_tag?post=909"}],"curies":[{"name":"wp","href":"https:\/\/api.w.org\/{rel}","templated":true}]}}